{"id":176277426,"date":"2015-01-20T12:28:50","date_gmt":"2015-01-20T11:28:50","guid":{"rendered":"http:\/\/fermebiodupetitsart.be\/?page_id=176277426"},"modified":"2015-02-03T17:41:30","modified_gmt":"2015-02-03T16:41:30","slug":"biotheque","status":"publish","type":"page","link":"https:\/\/fermebiodupetitsart.be\/?page_id=176277426","title":{"rendered":"Bio&rsquo;th\u00e8que"},"content":{"rendered":"<p>Plus de 400 ouvrages \u00e0 votre disposition !<\/p>\n<p>Dans notre mission d\u2019information, avec l\u2019aide de la Fondation G\u00e9n\u00e9rations.bio, de Delphine Evrard et de Naim Ouezzani-Chahdi \u00e9tudiants stagiaires des  Hautes Ecoles ILYA PRIGOGINE (\u00c9cologie Sociale) et  HELHa (Institut Cardijn),  nous travaillons en permanence \u00e0 la constitution d\u2019une Bio\u2019th\u00e8que, un \u00ab Fond documen\u2019terre \u00bb regroupant des \u00e9crits et supports digitaux gravitant autour de l\u2019agro-\u00e9cologie et de ses applications pratico pratiques utilis\u00e9s aussi bien pour un usage professionnel que p\u00e9dagogique et adapt\u00e9 aux publics cibles : d\u00e9butants, enfants, \u00e9tudiants, militants, stagiaires, cuisiniers, mara\u00eechers, agrobiologistes, \u2026 <\/p>\n<p>Les ouvrages et DVD sont uniquement consultables \u00e0 la Ferme Bio du Petit Sart et sur rendez-vous par mail \u00e0 info@fermebiodupetitsart.be<\/p>\n<p>Vous trouverez en fichier ci-joint le listing des quatre cents ouvrages consultables en notre Bio\u2019th\u00e8que.<\/p>\n<p><iframe loading=\"lazy\" name=\"bioth\u00e8que\" src=\"https:\/\/docs.google.com\/spreadsheets\/d\/1hLhEh66B7TaFbop7hlUOaQ-WAvZP6hjDCPYZl-FaPIw\/pubhtml?gid=1290789895&#038;single=true\" height=\"500\" width=\"900\" frameborder=\"0\"><\/iframe><\/p>\n","protected":false},"excerpt":{"rendered":"<p>Plus de 400 ouvrages \u00e0 votre disposition ! Dans notre mission d\u2019information, avec l\u2019aide de la Fondation G\u00e9n\u00e9rations.bio, de Delphine Evrard et de Naim Ouezzani-Chahdi \u00e9tudiants stagiaires des Hautes Ecoles ILYA PRIGOGINE (\u00c9cologie Sociale) et HELHa (Institut Cardijn), nous travaillons &hellip; <a href=\"https:\/\/fermebiodupetitsart.be\/?page_id=176277426\">Continuer la lecture <span class=\"meta-nav\">&rarr;<\/span><\/a><\/p>\n","protected":false},"author":1,"featured_media":0,"parent":0,"menu_order":0,"comment_status":"closed","ping_status":"closed","template":"","meta":{"footnotes":""},"class_list":["post-176277426","page","type-page","status-publish","hentry"],"_links":{"self":[{"href":"https:\/\/fermebiodupetitsart.be\/index.php?rest_route=\/wp\/v2\/pages\/176277426","targetHints":{"allow":["GET"]}}],"collection":[{"href":"https:\/\/fermebiodupetitsart.be\/index.php?rest_route=\/wp\/v2\/pages"}],"about":[{"href":"https:\/\/fermebiodupetitsart.be\/index.php?rest_route=\/wp\/v2\/types\/page"}],"author":[{"embeddable":true,"href":"https:\/\/fermebiodupetitsart.be\/index.php?rest_route=\/wp\/v2\/users\/1"}],"replies":[{"embeddable":true,"href":"https:\/\/fermebiodupetitsart.be\/index.php?rest_route=%2Fwp%2Fv2%2Fcomments&post=176277426"}],"version-history":[{"count":5,"href":"https:\/\/fermebiodupetitsart.be\/index.php?rest_route=\/wp\/v2\/pages\/176277426\/revisions"}],"predecessor-version":[{"id":176277446,"href":"https:\/\/fermebiodupetitsart.be\/index.php?rest_route=\/wp\/v2\/pages\/176277426\/revisions\/176277446"}],"wp:attachment":[{"href":"https:\/\/fermebiodupetitsart.be\/index.php?rest_route=%2Fwp%2Fv2%2Fmedia&parent=176277426"}],"curies":[{"name":"wp","href":"https:\/\/api.w.org\/{rel}","templated":true}]}}