{"id":176276895,"date":"2013-06-12T11:42:11","date_gmt":"2013-06-12T10:42:11","guid":{"rendered":"http:\/\/fermebiodupetitsart.be\/?page_id=176276893"},"modified":"2015-02-02T21:21:31","modified_gmt":"2015-02-02T20:21:31","slug":"nous-trouver","status":"publish","type":"page","link":"https:\/\/fermebiodupetitsart.be\/?page_id=176276895","title":{"rendered":"nous trouver"},"content":{"rendered":"<p>L\u2019adresse\u00a0:<br \/>\nRue du Petit Sart, 75 \u00e0 B-1390 Grez-Doiceau (Belgique)<\/p>\n<p><iframe loading=\"lazy\" width=\"600\" height=\"350\" frameborder=\"0\" scrolling=\"no\" marginheight=\"0\" marginwidth=\"0\" src=\"https:\/\/maps.google.com\/maps?f=q&amp;source=s_q&amp;hl=fr&amp;geocode=&amp;q=Rue+du+Petit+Sart+75+%C3%A0+1390+Grez-Doiceau,+Belgique&amp;aq=0&amp;oq=Rue+du+Petit+Sart,+75+%C3%A0+B-1390+Grez-Doiceau&amp;sll=37.0625,-95.677068&amp;sspn=56.987104,91.494141&amp;ie=UTF8&amp;hq=&amp;hnear=Rue+du+Petit+Sart+75,+1390+Grez-Doiceau,+Brabant+Wallon,+R%C3%A9gion+wallonne,+Belgique&amp;t=m&amp;ll=50.736727,4.724722&amp;spn=0.019012,0.051498&amp;z=14&amp;iwloc=A&amp;output=embed\"><\/iframe><br \/><small><a href=\"https:\/\/maps.google.com\/maps?f=q&amp;source=embed&amp;hl=fr&amp;geocode=&amp;q=Rue+du+Petit+Sart+75+%C3%A0+1390+Grez-Doiceau,+Belgique&amp;aq=0&amp;oq=Rue+du+Petit+Sart,+75+%C3%A0+B-1390+Grez-Doiceau&amp;sll=37.0625,-95.677068&amp;sspn=56.987104,91.494141&amp;ie=UTF8&amp;hq=&amp;hnear=Rue+du+Petit+Sart+75,+1390+Grez-Doiceau,+Brabant+Wallon,+R%C3%A9gion+wallonne,+Belgique&amp;t=m&amp;ll=50.736727,4.724722&amp;spn=0.019012,0.051498&amp;z=14&amp;iwloc=A\" style=\"color:#0000FF;text-align:left\">Agrandir le plan<\/a><\/small><\/p>\n<p>voici l\u2019itin\u00e9raire :<br \/>\nDeux possibilit\u00e9s\u00a0:<br \/>\n&#8211; <strong>Via l\u2019Autoroute E411<\/strong> (Bruxelles-Namur-Luxembourg) sortie n\u00b0 8 direction Chaumont-Gistoux, Grez-Doiceau (N25)<br \/>\nFaire environ 7-8 km sur cette N25 en direction de Grez-Doiceau.<\/p>\n<p>&#8211; <strong>Via l\u2019autoroute E40<\/strong> (Li\u00e8ge-Leuven-Bruxelles) sortie 23<br \/>\nTraverser le bois de Meerdaal, Hamme Mille puis direction Grez-Doiceau via la N25).<\/p>\n<p>Sortir au deuxi\u00e8me rond-point vers Grez-Doiceau, Jodoigne<br \/>\nTraverser le village de Grez et suivre la direction Jodoigne<br \/>\nApr\u00e8s environ 3-4 km, \u00e0 l\u2019entr\u00e9e d\u2019une for\u00eat, dans un virage, prendre \u00e0 droite vers Pi\u00e9trebais (rue Fond du Moulin) \u2013<\/p>\n<p>Attention : Si votre GPS vous dirige par le hameau de \u00ab\u00a0Cocrou\u00a0\u00bb, ne suivez PAS ce conseil !!!<\/p>\n<p>Suivre cette route \u00ab\u00a0Fond du Moulin\u00a0\u00bb sur environ 1,2 km et prendre la premi\u00e8re \u00e0 droite (rue du Grand Sart)<br \/>\nApr\u00e8s 300 m, emprunter la premi\u00e8re \u00e0 droite (rue du Petit Sart)<br \/>\nSuivre cette petite rue sur environ 1 km. A la fin, elle monte fortement et quand le macadam s\u2019arr\u00eate, suivre le chemin de sable \u00e0 votre gauche (qui traverse le petit bois).<\/p>\n<p>La ferme est \u00e0 300 m sur votre gauche, \u00e0 la lisi\u00e8re du bois.\u00a0 Parking possible dans la cour de ferme. Emprunter le chemin qui longe le hangar.<br \/>\nBonne route.<\/p>\n","protected":false},"excerpt":{"rendered":"<p>L\u2019adresse\u00a0: Rue du Petit Sart, 75 \u00e0 B-1390 Grez-Doiceau (Belgique) Agrandir le plan voici l\u2019itin\u00e9raire : Deux possibilit\u00e9s\u00a0: &#8211; Via l\u2019Autoroute E411 (Bruxelles-Namur-Luxembourg) sortie n\u00b0 8 direction Chaumont-Gistoux, Grez-Doiceau (N25) Faire environ 7-8 km sur cette N25 en direction de &hellip; <a href=\"https:\/\/fermebiodupetitsart.be\/?page_id=176276895\">Continuer la lecture <span class=\"meta-nav\">&rarr;<\/span><\/a><\/p>\n","protected":false},"author":2,"featured_media":0,"parent":0,"menu_order":0,"comment_status":"closed","ping_status":"closed","template":"","meta":{"footnotes":""},"class_list":["post-176276895","page","type-page","status-publish","hentry"],"_links":{"self":[{"href":"https:\/\/fermebiodupetitsart.be\/index.php?rest_route=\/wp\/v2\/pages\/176276895","targetHints":{"allow":["GET"]}}],"collection":[{"href":"https:\/\/fermebiodupetitsart.be\/index.php?rest_route=\/wp\/v2\/pages"}],"about":[{"href":"https:\/\/fermebiodupetitsart.be\/index.php?rest_route=\/wp\/v2\/types\/page"}],"author":[{"embeddable":true,"href":"https:\/\/fermebiodupetitsart.be\/index.php?rest_route=\/wp\/v2\/users\/2"}],"replies":[{"embeddable":true,"href":"https:\/\/fermebiodupetitsart.be\/index.php?rest_route=%2Fwp%2Fv2%2Fcomments&post=176276895"}],"version-history":[{"count":6,"href":"https:\/\/fermebiodupetitsart.be\/index.php?rest_route=\/wp\/v2\/pages\/176276895\/revisions"}],"predecessor-version":[{"id":176276931,"href":"https:\/\/fermebiodupetitsart.be\/index.php?rest_route=\/wp\/v2\/pages\/176276895\/revisions\/176276931"}],"wp:attachment":[{"href":"https:\/\/fermebiodupetitsart.be\/index.php?rest_route=%2Fwp%2Fv2%2Fmedia&parent=176276895"}],"curies":[{"name":"wp","href":"https:\/\/api.w.org\/{rel}","templated":true}]}}