{"id":176276751,"date":"2013-05-07T17:43:38","date_gmt":"2013-05-07T15:43:38","guid":{"rendered":"http:\/\/fermebiodupetitsart.wordpress.com\/?page_id=176276751"},"modified":"2016-10-22T18:12:36","modified_gmt":"2016-10-22T16:12:36","slug":"vos-evenements","status":"publish","type":"page","link":"https:\/\/fermebiodupetitsart.be\/?page_id=176276751","title":{"rendered":"vos \u00e9v\u00e9nements?"},"content":{"rendered":"<p>A la demande, et sur r\u00e9servation, des repas et d\u00eeners peuvent \u00eatre organis\u00e9s et servis \u00e0 la Ferme. Pour ce faire, on y privil\u00e9gie les produits bios de la ferme et des producteurs du terroir braban\u00e7on. Selon les envies, les repas sont pr\u00e9par\u00e9s collectivement (dans le cadre d\u2019un Atelier cuisine souvent anim\u00e9 par Isabelle Auquier) ou r\u00e9alis\u00e9s par des \u201ccuisiniers (appel\u00e9s) en r\u00e9sidence\u201d tels Emmanuel Robiette, Claude Polhig ou autre\u2026<br \/>\nL\u2019infrastructure permet d\u2019accueillir de 12 \u00e0 40 personnes assises. Des grandes baies vitr\u00e9es dans la cuisine, comme dans le vaste living offrent une v\u00e9ritable osmose avec la nature.<\/p>\n","protected":false},"excerpt":{"rendered":"<p>A la demande, et sur r\u00e9servation, des repas et d\u00eeners peuvent \u00eatre organis\u00e9s et servis \u00e0 la Ferme. Pour ce faire, on y privil\u00e9gie les produits bios de la ferme et des producteurs du terroir braban\u00e7on. Selon les envies, les &hellip; <a href=\"https:\/\/fermebiodupetitsart.be\/?page_id=176276751\">Continuer la lecture <span class=\"meta-nav\">&rarr;<\/span><\/a><\/p>\n","protected":false},"author":1,"featured_media":0,"parent":176276656,"menu_order":0,"comment_status":"closed","ping_status":"closed","template":"","meta":{"footnotes":""},"class_list":["post-176276751","page","type-page","status-publish","hentry"],"_links":{"self":[{"href":"https:\/\/fermebiodupetitsart.be\/index.php?rest_route=\/wp\/v2\/pages\/176276751","targetHints":{"allow":["GET"]}}],"collection":[{"href":"https:\/\/fermebiodupetitsart.be\/index.php?rest_route=\/wp\/v2\/pages"}],"about":[{"href":"https:\/\/fermebiodupetitsart.be\/index.php?rest_route=\/wp\/v2\/types\/page"}],"author":[{"embeddable":true,"href":"https:\/\/fermebiodupetitsart.be\/index.php?rest_route=\/wp\/v2\/users\/1"}],"replies":[{"embeddable":true,"href":"https:\/\/fermebiodupetitsart.be\/index.php?rest_route=%2Fwp%2Fv2%2Fcomments&post=176276751"}],"version-history":[{"count":3,"href":"https:\/\/fermebiodupetitsart.be\/index.php?rest_route=\/wp\/v2\/pages\/176276751\/revisions"}],"predecessor-version":[{"id":176277704,"href":"https:\/\/fermebiodupetitsart.be\/index.php?rest_route=\/wp\/v2\/pages\/176276751\/revisions\/176277704"}],"up":[{"embeddable":true,"href":"https:\/\/fermebiodupetitsart.be\/index.php?rest_route=\/wp\/v2\/pages\/176276656"}],"wp:attachment":[{"href":"https:\/\/fermebiodupetitsart.be\/index.php?rest_route=%2Fwp%2Fv2%2Fmedia&parent=176276751"}],"curies":[{"name":"wp","href":"https:\/\/api.w.org\/{rel}","templated":true}]}}