{"id":176276749,"date":"2013-05-07T17:43:01","date_gmt":"2013-05-07T15:43:01","guid":{"rendered":"http:\/\/fermebiodupetitsart.wordpress.com\/?page_id=176276749"},"modified":"2015-02-02T21:47:33","modified_gmt":"2015-02-02T20:47:33","slug":"cours-de-cuisine","status":"publish","type":"page","link":"https:\/\/fermebiodupetitsart.be\/?page_id=176276749","title":{"rendered":"cours de cuisine"},"content":{"rendered":"<p>Des cours de cuisine bio<br \/>\nallant du \u201cpotager \u00e0 l\u2019assiette\u201d sont  aussi organis\u00e9s p\u00e9riodiquement dans la grande cuisine am\u00e9nag\u00e9e \u00e0 la ferme. Le cours commence g\u00e9n\u00e9ralement par la r\u00e9colte des l\u00e9gumes, ceux-ci sont ensuite lav\u00e9s, cuisin\u00e9s ensemble  sous les conseils et recommandations de professionnels. L\u2019atelier se cl\u00f4ture par la d\u00e9gustation des plats cuisin\u00e9s.<\/p>\n","protected":false},"excerpt":{"rendered":"<p>Des cours de cuisine bio allant du \u201cpotager \u00e0 l\u2019assiette\u201d sont aussi organis\u00e9s p\u00e9riodiquement dans la grande cuisine am\u00e9nag\u00e9e \u00e0 la ferme. Le cours commence g\u00e9n\u00e9ralement par la r\u00e9colte des l\u00e9gumes, ceux-ci sont ensuite lav\u00e9s, cuisin\u00e9s ensemble sous les conseils &hellip; <a href=\"https:\/\/fermebiodupetitsart.be\/?page_id=176276749\">Continuer la lecture <span class=\"meta-nav\">&rarr;<\/span><\/a><\/p>\n","protected":false},"author":1,"featured_media":0,"parent":176276656,"menu_order":0,"comment_status":"closed","ping_status":"closed","template":"","meta":{"footnotes":""},"class_list":["post-176276749","page","type-page","status-publish","hentry"],"_links":{"self":[{"href":"https:\/\/fermebiodupetitsart.be\/index.php?rest_route=\/wp\/v2\/pages\/176276749","targetHints":{"allow":["GET"]}}],"collection":[{"href":"https:\/\/fermebiodupetitsart.be\/index.php?rest_route=\/wp\/v2\/pages"}],"about":[{"href":"https:\/\/fermebiodupetitsart.be\/index.php?rest_route=\/wp\/v2\/types\/page"}],"author":[{"embeddable":true,"href":"https:\/\/fermebiodupetitsart.be\/index.php?rest_route=\/wp\/v2\/users\/1"}],"replies":[{"embeddable":true,"href":"https:\/\/fermebiodupetitsart.be\/index.php?rest_route=%2Fwp%2Fv2%2Fcomments&post=176276749"}],"version-history":[{"count":3,"href":"https:\/\/fermebiodupetitsart.be\/index.php?rest_route=\/wp\/v2\/pages\/176276749\/revisions"}],"predecessor-version":[{"id":176277441,"href":"https:\/\/fermebiodupetitsart.be\/index.php?rest_route=\/wp\/v2\/pages\/176276749\/revisions\/176277441"}],"up":[{"embeddable":true,"href":"https:\/\/fermebiodupetitsart.be\/index.php?rest_route=\/wp\/v2\/pages\/176276656"}],"wp:attachment":[{"href":"https:\/\/fermebiodupetitsart.be\/index.php?rest_route=%2Fwp%2Fv2%2Fmedia&parent=176276749"}],"curies":[{"name":"wp","href":"https:\/\/api.w.org\/{rel}","templated":true}]}}