{"id":176276744,"date":"2013-05-07T10:34:38","date_gmt":"2013-05-07T08:34:38","guid":{"rendered":"http:\/\/fermebiodupetitsart.wordpress.com\/?page_id=176276744"},"modified":"2015-11-03T08:50:49","modified_gmt":"2015-11-03T07:50:49","slug":"reseaux-de-distribution","status":"publish","type":"page","link":"https:\/\/fermebiodupetitsart.be\/?page_id=176276744","title":{"rendered":"r\u00e9seaux de distribution"},"content":{"rendered":"<p>les mara\u00eechers cultivants les terres de la ferme distribuent leurs produits de mani\u00e8res diff\u00e9rentes:<\/p>\n<p><strong>L\u00e9a Corroy<\/strong> vends ses l\u00e9gumes par pannier, toutes les infos utiles sont sur son site : <a href=\"http:\/\/www.galipac.be\" target=\"_blank\">GaliPac<\/a><\/p>\n<p><strong>Gwenna\u00ebl Dubus<\/strong> vends ses produits sur les march\u00e9s ( \u00e0 Grez-Doiceau le vendredi de 14 \u00e0 19H, \u00e0 Nethen le samedi de 13H30 \u00e0 19H00) et fait partie d&rsquo;une association de mara\u00eechers: <a href=\"http:\/\/www.lespaniersverts.be\/cooperative\/partenaires\/gwenael-du-bus-grez-doiceau\/\" target=\"_blank\">les paniers verts<\/a><\/p>\n<p><strong>la viande<\/strong> des vaches limousines de la ferme est p\u00e9riodiquement disponible. IL est possible de s&rsquo;inscrire \u00e0 la mailing list via le formulaire en colonne de droite.<\/p>\n","protected":false},"excerpt":{"rendered":"<p>les mara\u00eechers cultivants les terres de la ferme distribuent leurs produits de mani\u00e8res diff\u00e9rentes: L\u00e9a Corroy vends ses l\u00e9gumes par pannier, toutes les infos utiles sont sur son site : GaliPac Gwenna\u00ebl Dubus vends ses produits sur les march\u00e9s ( &hellip; <a href=\"https:\/\/fermebiodupetitsart.be\/?page_id=176276744\">Continuer la lecture <span class=\"meta-nav\">&rarr;<\/span><\/a><\/p>\n","protected":false},"author":1,"featured_media":0,"parent":176276709,"menu_order":0,"comment_status":"closed","ping_status":"closed","template":"","meta":{"footnotes":""},"class_list":["post-176276744","page","type-page","status-publish","hentry"],"_links":{"self":[{"href":"https:\/\/fermebiodupetitsart.be\/index.php?rest_route=\/wp\/v2\/pages\/176276744","targetHints":{"allow":["GET"]}}],"collection":[{"href":"https:\/\/fermebiodupetitsart.be\/index.php?rest_route=\/wp\/v2\/pages"}],"about":[{"href":"https:\/\/fermebiodupetitsart.be\/index.php?rest_route=\/wp\/v2\/types\/page"}],"author":[{"embeddable":true,"href":"https:\/\/fermebiodupetitsart.be\/index.php?rest_route=\/wp\/v2\/users\/1"}],"replies":[{"embeddable":true,"href":"https:\/\/fermebiodupetitsart.be\/index.php?rest_route=%2Fwp%2Fv2%2Fcomments&post=176276744"}],"version-history":[{"count":6,"href":"https:\/\/fermebiodupetitsart.be\/index.php?rest_route=\/wp\/v2\/pages\/176276744\/revisions"}],"predecessor-version":[{"id":176277450,"href":"https:\/\/fermebiodupetitsart.be\/index.php?rest_route=\/wp\/v2\/pages\/176276744\/revisions\/176277450"}],"up":[{"embeddable":true,"href":"https:\/\/fermebiodupetitsart.be\/index.php?rest_route=\/wp\/v2\/pages\/176276709"}],"wp:attachment":[{"href":"https:\/\/fermebiodupetitsart.be\/index.php?rest_route=%2Fwp%2Fv2%2Fmedia&parent=176276744"}],"curies":[{"name":"wp","href":"https:\/\/api.w.org\/{rel}","templated":true}]}}