{"id":176276742,"date":"2013-05-07T10:34:11","date_gmt":"2013-05-07T08:34:11","guid":{"rendered":"http:\/\/fermebiodupetitsart.wordpress.com\/?page_id=176276742"},"modified":"2015-02-02T21:21:31","modified_gmt":"2015-02-02T20:21:31","slug":"comptoir-bio","status":"publish","type":"page","link":"https:\/\/fermebiodupetitsart.be\/?page_id=176276742","title":{"rendered":"comptoir bio"},"content":{"rendered":"<p>A la ferme,\u00a0 <strong>sur commande &amp; rendez-vous<\/strong>, il est possible, selon les saisons, d\u2019acheter en direct des plantules de l\u00e9gumes, du bon miel (issus des \u201cruches parainn\u00e9es\u201d de Vincent), des poulets, des fromages bio ou au lait cru, des bi\u00e8res bio de la Brasserie Dupont (Biol\u00e9g\u00e8re, Saison, Moinette),\u00a0 une s\u00e9lection de bons vins bios \u00e0 petits prix .<br \/>\nLors des \u00e9v\u00e8nements organis\u00e9s \u00e0 la Ferme Bio du Petit Sart l\u2019on propose \u00e0 la d\u00e9gustation des invit\u00e9s des \u00ab\u00a0petits\u00a0\u00bb vins bio d\u2019excellents c\u00e9pages fran\u00e7ais\u00a0:<br \/>\n&#8211; A d\u00e9couvrir\u00a0!!! En provenance du Domaine de Pajot,\u00a0 des vins biologiques de Pays des c\u00f4tes de Gascogne (en bouteille de\u00a0 75 cl.) Certificat N\u00b0AB-3114\/52303 par le Bureau Veritas le 15.01.2013\u00a0:<br \/>\n&#8211; <strong>Le Noisette<\/strong>\u00a0: Moelleux l\u00e9ger particuli\u00e8rement rafraichissant. Blanc, id\u00e9al pour vos ap\u00e9ritifs. A la d\u00e9gustation\u00a0: Notes aromatiques d\u2019agrumes, de confiture de coing, de pain d\u2019\u00e9pices, de poires\u2026 En bouche l\u2019attaque est vive et ample gr\u00e2ce \u00e0 un bon \u00e9quilibre entre l\u2019acidit\u00e9 (5.1g\/L) et sa sucrosit\u00e9 mod\u00e9r\u00e9e (40g\/L)\u00a0 Alcool\u00a0:\u00a0 12% C\u00e9pages\u00a0: Gros-Manseng<br \/>\n&#8211; <strong>Les Quatre C\u00e9pages<\/strong>\u00a0:\u00a0 Vin blanc de belle fraicheur, id\u00e9al en ap\u00e9ritif, accompagnement de charcuterie, viandes blanches, fromages doux, poissons et fruits de mer. Notes aromatiques d\u2019agrumes, buis, fruits exotiques. C\u00e9pages\u00a0: Colombard, Sauvignon, Gros-Manseng, Ugni-Blanc\u00a0 (L\u2019assemblage\u00a0 varie selon le mill\u00e9sime). A servir \u00e0 9\u00b0 Alcool\u00a0: 12% Sucre\u00a0: 5g\/L<br \/>\n<strong>&#8211; B\u00e9toulin<\/strong>\u00a0: Vin rouge\u00a0: fruit\u00e9 et l\u00e9ger, pr\u00e9sence discr\u00e8te des tannins. Doit \u00eatre bu dans sa jeunesse. Se d\u00e9guste \u00e0 14\u00b0 sur des plats bios l\u00e9gers. C\u00e9pages 2\/3 Merlot et 1\/3 Cabernet-Sauvignon. Alcool\u00a0: 12,5% Sucre\u00a0: 2g\/L<br \/>\nNotre coup de c\u0153ur\u00a0!!!!<br \/>\n<strong>Ch\u00e2teau Malfard<\/strong>, Bordeaux sup\u00e9rieur<br \/>\nLe ch\u00e2teau Malfard cultive avec grand soin 16 hectares situ\u00e9s autour d\u2019une magnifique chartreuse du XVIII si\u00e8cle.\u00a0 La finesse et la richesse de ce grand vin vous offrent un g\u00e9n\u00e9reux bouquet et l\u2019assurance d\u2019une longue garde. A servir avec tous types de viandes bio grill\u00e9es et fromages.<br \/>\n70% Merlot \u2013 20% Cabernet Sauvignon \u2013 10% Cabernet franc &#8211; Elev\u00e9 en f\u00fbts de ch\u00eane pendant plus de 12 mois.<\/p>\n<p>Ces 4 vins bios d\u2019exception peuvent \u00eatre aussi achet\u00e9s ou command\u00e9s sur place.<\/p>\n","protected":false},"excerpt":{"rendered":"<p>A la ferme,\u00a0 sur commande &amp; rendez-vous, il est possible, selon les saisons, d\u2019acheter en direct des plantules de l\u00e9gumes, du bon miel (issus des \u201cruches parainn\u00e9es\u201d de Vincent), des poulets, des fromages bio ou au lait cru, des bi\u00e8res &hellip; <a href=\"https:\/\/fermebiodupetitsart.be\/?page_id=176276742\">Continuer la lecture <span class=\"meta-nav\">&rarr;<\/span><\/a><\/p>\n","protected":false},"author":1,"featured_media":0,"parent":176276709,"menu_order":0,"comment_status":"closed","ping_status":"closed","template":"","meta":{"footnotes":""},"class_list":["post-176276742","page","type-page","status-publish","hentry"],"_links":{"self":[{"href":"https:\/\/fermebiodupetitsart.be\/index.php?rest_route=\/wp\/v2\/pages\/176276742","targetHints":{"allow":["GET"]}}],"collection":[{"href":"https:\/\/fermebiodupetitsart.be\/index.php?rest_route=\/wp\/v2\/pages"}],"about":[{"href":"https:\/\/fermebiodupetitsart.be\/index.php?rest_route=\/wp\/v2\/types\/page"}],"author":[{"embeddable":true,"href":"https:\/\/fermebiodupetitsart.be\/index.php?rest_route=\/wp\/v2\/users\/1"}],"replies":[{"embeddable":true,"href":"https:\/\/fermebiodupetitsart.be\/index.php?rest_route=%2Fwp%2Fv2%2Fcomments&post=176276742"}],"version-history":[{"count":8,"href":"https:\/\/fermebiodupetitsart.be\/index.php?rest_route=\/wp\/v2\/pages\/176276742\/revisions"}],"predecessor-version":[{"id":176277126,"href":"https:\/\/fermebiodupetitsart.be\/index.php?rest_route=\/wp\/v2\/pages\/176276742\/revisions\/176277126"}],"up":[{"embeddable":true,"href":"https:\/\/fermebiodupetitsart.be\/index.php?rest_route=\/wp\/v2\/pages\/176276709"}],"wp:attachment":[{"href":"https:\/\/fermebiodupetitsart.be\/index.php?rest_route=%2Fwp%2Fv2%2Fmedia&parent=176276742"}],"curies":[{"name":"wp","href":"https:\/\/api.w.org\/{rel}","templated":true}]}}