{"id":176276740,"date":"2013-05-07T10:33:52","date_gmt":"2013-05-07T08:33:52","guid":{"rendered":"http:\/\/fermebiodupetitsart.wordpress.com\/?page_id=176276740"},"modified":"2015-02-02T21:21:31","modified_gmt":"2015-02-02T20:21:31","slug":"cultures","status":"publish","type":"page","link":"https:\/\/fermebiodupetitsart.be\/?page_id=176276740","title":{"rendered":"cultures"},"content":{"rendered":"<p>Hubert del Marmol utilise une partie de ses terres pour y cultiver des c\u00e9r\u00e9ales. Ses cultures sont principalement vendues dans les circuits bio. Il r\u00e9serve une partie de sa production pour compl\u00e9ter le nourrissage de son troupeau limousin en hiver.<br \/>\nPour l\u2019aider dans ses gros travaux, Hubert fait appel aux Fr\u00e8res Bombaerts,\u00a0 une entreprise agricole de Pietrebais, bien m\u00e9canis\u00e9e.<\/p>\n","protected":false},"excerpt":{"rendered":"<p>Hubert del Marmol utilise une partie de ses terres pour y cultiver des c\u00e9r\u00e9ales. Ses cultures sont principalement vendues dans les circuits bio. Il r\u00e9serve une partie de sa production pour compl\u00e9ter le nourrissage de son troupeau limousin en hiver. &hellip; <a href=\"https:\/\/fermebiodupetitsart.be\/?page_id=176276740\">Continuer la lecture <span class=\"meta-nav\">&rarr;<\/span><\/a><\/p>\n","protected":false},"author":1,"featured_media":0,"parent":176276709,"menu_order":0,"comment_status":"closed","ping_status":"closed","template":"","meta":{"footnotes":""},"class_list":["post-176276740","page","type-page","status-publish","hentry"],"_links":{"self":[{"href":"https:\/\/fermebiodupetitsart.be\/index.php?rest_route=\/wp\/v2\/pages\/176276740","targetHints":{"allow":["GET"]}}],"collection":[{"href":"https:\/\/fermebiodupetitsart.be\/index.php?rest_route=\/wp\/v2\/pages"}],"about":[{"href":"https:\/\/fermebiodupetitsart.be\/index.php?rest_route=\/wp\/v2\/types\/page"}],"author":[{"embeddable":true,"href":"https:\/\/fermebiodupetitsart.be\/index.php?rest_route=\/wp\/v2\/users\/1"}],"replies":[{"embeddable":true,"href":"https:\/\/fermebiodupetitsart.be\/index.php?rest_route=%2Fwp%2Fv2%2Fcomments&post=176276740"}],"version-history":[{"count":9,"href":"https:\/\/fermebiodupetitsart.be\/index.php?rest_route=\/wp\/v2\/pages\/176276740\/revisions"}],"predecessor-version":[{"id":176277201,"href":"https:\/\/fermebiodupetitsart.be\/index.php?rest_route=\/wp\/v2\/pages\/176276740\/revisions\/176277201"}],"up":[{"embeddable":true,"href":"https:\/\/fermebiodupetitsart.be\/index.php?rest_route=\/wp\/v2\/pages\/176276709"}],"wp:attachment":[{"href":"https:\/\/fermebiodupetitsart.be\/index.php?rest_route=%2Fwp%2Fv2%2Fmedia&parent=176276740"}],"curies":[{"name":"wp","href":"https:\/\/api.w.org\/{rel}","templated":true}]}}