{"id":176276738,"date":"2013-05-07T10:33:34","date_gmt":"2013-05-07T08:33:34","guid":{"rendered":"http:\/\/fermebiodupetitsart.wordpress.com\/?page_id=176276738"},"modified":"2015-11-03T08:57:48","modified_gmt":"2015-11-03T07:57:48","slug":"elevage","status":"publish","type":"page","link":"https:\/\/fermebiodupetitsart.be\/?page_id=176276738","title":{"rendered":"\u00e9levage"},"content":{"rendered":"<p>Pourquoi des vaches Limousines ?<br \/>\nUne ferme bio qui vise l\u2019autonomie se doit d\u2019\u00eatre mixte : conjuguer l\u2019\u00e9levage aux cultures. L\u2019herbe des prairies et une partie des c\u00e9r\u00e9ales seront transform\u00e9es en viande. Et les sous-produits (fumier) retourne, apr\u00e8s compostage, pour la fertilisation des terres agricoles. Pour son \u00e9levage, Hubert del Marmol a privil\u00e9gi\u00e9 les vaches Limousines. Ces b\u00eates rustiques vivent en autonomie sur la Ferme du Petit Sart. Contrairement aux bovins Blanc-Bleu-Belge, les Limousines \u2013 elles \u2013 dans 95% des cas peuvent\u00a0 v\u00ealer seules, sans devoir recourir aux c\u00e9sariennes et au service d\u2019un v\u00e9t\u00e9rinaire. Autre avantage : Les gourmets et grands cuisiniers l\u2019affirment \u00e0 l\u2019unisson : \u201cLa viande Limousine est persil\u00e9e, color\u00e9e et particuli\u00e8rement go\u00fbteuse.\u00a0 Reconnue comme b\u00eate de haut de gamme, la viande Limousine ne s\u2019\u00e9coule que rarement dans la grande distribution. Hubert quant \u00e0 lui\u00a0 compte la vendre uniquement en circuit court. L\u2019\u00e9leveur dispose pour l\u2019heure volontairement d\u2019un cheptel d\u2019une vingtaine de b\u00eates.<\/p>\n<p><a href=\"http:\/\/fermebiodupetitsart.be\/wp-content\/uploads\/2015\/11\/cropped-DSC_1820.jpg\"><img loading=\"lazy\" decoding=\"async\" src=\"http:\/\/fermebiodupetitsart.be\/wp-content\/uploads\/2015\/11\/cropped-DSC_1820.jpg\" alt=\"cropped-DSC_1820.jpg\" width=\"1102\" height=\"350\" class=\"alignnone size-full wp-image-176277593\" srcset=\"https:\/\/fermebiodupetitsart.be\/wp-content\/uploads\/2015\/11\/cropped-DSC_1820.jpg 1102w, https:\/\/fermebiodupetitsart.be\/wp-content\/uploads\/2015\/11\/cropped-DSC_1820-300x95.jpg 300w, https:\/\/fermebiodupetitsart.be\/wp-content\/uploads\/2015\/11\/cropped-DSC_1820-1024x325.jpg 1024w\" sizes=\"auto, (max-width: 1102px) 100vw, 1102px\" \/><\/a><\/p>\n<p>Voici la r\u00e9action d\u2019un des tous premiers consommateurs :<\/p>\n<p>\u00ab Cher Hubert, la viande de vos Limousines bio du Petit Sart est exceptionnelle et vachement go\u00fbteuse ! \u00bb<\/p>\n<p>Les premiers avis, si \u00e9logieux, ne nous surprennent pas.<\/p>\n<p>Pourquoi ?<\/p>\n<p>Nos b\u00eates sont n\u00e9es en Brabant-Wallon, nourries, \u00e9lev\u00e9es depuis 2010 par Hubert del Marmol, Artisan-Eleveur de Grez-Doiceau. Un agrobiologiste reconnu unanimement pour la qualit\u00e9 de ses cultures fourrag\u00e8res, son amour et sa passion pour son m\u00e9tier \u00e0 la Ferme bio du Petit Sart qu\u2019il a cr\u00e9\u00e9e;<\/p>\n<p>Hubert a travaill\u00e9 avec amour pour vous offrir aujourd\u2019hui du \u201cboeuf extra, si joliment persil\u00e9\u201d : jour apr\u00e8s jour, son troupeau a \u00e9t\u00e9 dorlot\u00e9. Du printemps \u00e0 l\u2019automne, il alimente son b\u00e9tail avec une riche diversit\u00e9 et vari\u00e9t\u00e9 d\u2019herbes biologiques poussant dans ses belles et paisibles prairies, notamment \u201caux longs Tiennes\u201d (Sart-Biez). Pendant les mois d\u2019hiver, ti-oujours nourries exclusivement avec de la nourriture biologique issue de sa ferme, Hubert abrite ses vigoureuses Limousines dans deux \u00e9tables moder-nes, claires, spacieuses et bien a\u00e9r\u00e9es o\u00f9 elles peuvent se d\u00e9placer, boire, et se nourrir librement et \u00e0 l\u2019abri des intemp\u00e9ries.<\/p>\n<p>Lors du transport de la Ferme Bio \u00e0 l\u2019abattoir luxembourgeois agr\u00e9\u00e9 bio, Hubert a \u00e9t\u00e9 particuli\u00e8rement attentif au bien-\u00eatre de ses Limousines, tout stress pouvant alt\u00e9rer la qualit\u00e9 de la viande dans votre assiette. Ses b\u00eates ont pu \u00e0 suffisance se reposer une nuit apr\u00e8s le voyage pour \u00ab retirer \u00bb l\u2019adr\u00e9naline.<\/p>\n<p>La viande que vous trouvez dans les magasins de la grande distribution est tr\u00e8s rapidement d\u00e9bit\u00e9e apr\u00e8s son abattage. Le temps de repos de la carcasse est chichement compt\u00e9, limit\u00e9 souvent \u00e0 4 \u00e0 6 jours\u2026 Or, plus long est le temps de maturation, meilleurs seront la tendret\u00e9 et le go\u00fbt final du b\u0153uf. Hubert s\u2019est donc fix\u00e9 un point d\u2019honneur \u00e0 ce que sa viande, bio, soit matur\u00e9e de fa\u00e7on optimale (1), comme celle que l\u2019on peut trouver dtans les tout grands restaurants gastronomiques (tel chez Luc Broutard, \u201cLa table du Boucher\u201d &#8211; Mons).<\/p>\n<p>Hubert a confi\u00e9 ses b\u00eates \u00e0 Jean-Marie Niessen. Ce prestataire professionnel pilote seul un petit abattoir mod\u00e8le situ\u00e9 \u00e0 Troisvierges. La Boucherie (et Traiteur) Niessen capitalise une exp\u00e9rience professionnelle de 30 ans. Il est un sp\u00e9cialiste dans l\u2019abattage sans stress, sous surveillance permanente d\u2019un v\u00e9t\u00e9rinaire. Avant d\u2019\u00eatre d\u00e9coup\u00e9es, les Limousines bio du Petit Sart ont repos\u00e9 trois semaines selon les r\u00e8gles ancestrales de l\u2019art culinaire dans un frigo \u00e0 1 degr\u00e9 et 70 % d\u2019humidit\u00e9. Ceci permet un s\u00e9chage de la viande et lui conf\u00e8re un go\u00fbt extra*****. Ainsi votre b\u0153uf perdra moins d\u2019eau et r\u00e9tr\u00e9cira tr\u00e8s peu lors de la cuisson.<\/p>\n<p>Pour les consommateurs avertis de la Ferme Bio du Petit Sart, Niessen d\u00e9coupe votre viande Limousine Bio en filets purs, en entrec\u00f4tes, en r\u00f4tis, en steaks, goulaches, am\u00e9ricain, saucisses extra et hach\u00e9s. Chaque morceau est emball\u00e9 individuellement sous vide ou en de 6 unit\u00e9s barquette sous atmos-ph\u00e8re protectrice pour les saucisses bio. (2)<\/p>\n<p>Lorsque la viande est disponible, un onglet en colonne de droite vous permet de passer directement commande en ligne.<br \/>\nMangez moins de b\u0153uf, mais de qualit\u00e9 Extra &#038; Bio ***** !<\/p>\n<p><a href=\"http:\/\/fermebiodupetitsart.be\/wp-content\/uploads\/2015\/11\/del-Mormal-8.png\"><img loading=\"lazy\" decoding=\"async\" src=\"http:\/\/fermebiodupetitsart.be\/wp-content\/uploads\/2015\/11\/del-Mormal-8.png\" alt=\"del-Mormal-8\" width=\"1102\" height=\"350\" class=\"alignnone size-full wp-image-176277601\" srcset=\"https:\/\/fermebiodupetitsart.be\/wp-content\/uploads\/2015\/11\/del-Mormal-8.png 1102w, https:\/\/fermebiodupetitsart.be\/wp-content\/uploads\/2015\/11\/del-Mormal-8-300x95.png 300w, https:\/\/fermebiodupetitsart.be\/wp-content\/uploads\/2015\/11\/del-Mormal-8-1024x325.png 1024w\" sizes=\"auto, (max-width: 1102px) 100vw, 1102px\" \/><\/a><\/p>\n","protected":false},"excerpt":{"rendered":"<p>Pourquoi des vaches Limousines ? Une ferme bio qui vise l\u2019autonomie se doit d\u2019\u00eatre mixte : conjuguer l\u2019\u00e9levage aux cultures. L\u2019herbe des prairies et une partie des c\u00e9r\u00e9ales seront transform\u00e9es en viande. Et les sous-produits (fumier) retourne, apr\u00e8s compostage, pour &hellip; <a href=\"https:\/\/fermebiodupetitsart.be\/?page_id=176276738\">Continuer la lecture <span class=\"meta-nav\">&rarr;<\/span><\/a><\/p>\n","protected":false},"author":1,"featured_media":0,"parent":176276709,"menu_order":0,"comment_status":"closed","ping_status":"closed","template":"","meta":{"footnotes":""},"class_list":["post-176276738","page","type-page","status-publish","hentry"],"_links":{"self":[{"href":"https:\/\/fermebiodupetitsart.be\/index.php?rest_route=\/wp\/v2\/pages\/176276738","targetHints":{"allow":["GET"]}}],"collection":[{"href":"https:\/\/fermebiodupetitsart.be\/index.php?rest_route=\/wp\/v2\/pages"}],"about":[{"href":"https:\/\/fermebiodupetitsart.be\/index.php?rest_route=\/wp\/v2\/types\/page"}],"author":[{"embeddable":true,"href":"https:\/\/fermebiodupetitsart.be\/index.php?rest_route=\/wp\/v2\/users\/1"}],"replies":[{"embeddable":true,"href":"https:\/\/fermebiodupetitsart.be\/index.php?rest_route=%2Fwp%2Fv2%2Fcomments&post=176276738"}],"version-history":[{"count":6,"href":"https:\/\/fermebiodupetitsart.be\/index.php?rest_route=\/wp\/v2\/pages\/176276738\/revisions"}],"predecessor-version":[{"id":176277602,"href":"https:\/\/fermebiodupetitsart.be\/index.php?rest_route=\/wp\/v2\/pages\/176276738\/revisions\/176277602"}],"up":[{"embeddable":true,"href":"https:\/\/fermebiodupetitsart.be\/index.php?rest_route=\/wp\/v2\/pages\/176276709"}],"wp:attachment":[{"href":"https:\/\/fermebiodupetitsart.be\/index.php?rest_route=%2Fwp%2Fv2%2Fmedia&parent=176276738"}],"curies":[{"name":"wp","href":"https:\/\/api.w.org\/{rel}","templated":true}]}}