{"id":176276736,"date":"2013-05-07T10:32:44","date_gmt":"2013-05-07T08:32:44","guid":{"rendered":"http:\/\/fermebiodupetitsart.wordpress.com\/?page_id=176276736"},"modified":"2015-02-02T21:21:31","modified_gmt":"2015-02-02T20:21:31","slug":"maraichage","status":"publish","type":"page","link":"https:\/\/fermebiodupetitsart.be\/?page_id=176276736","title":{"rendered":"mara\u00eechage"},"content":{"rendered":"<p>D\u00e8s le d\u00e9part de sa reconversion, Hubert del Marmol a tenu a acceuillir dans sa ferme Bio,\u00a0 Gw\u00e9na\u00ebl\u00a0 du Bus puis L\u00e9a Corroy, de jeunes mara\u00eechers\u00a0 qui d\u00e9siraient se lancer aussi avec le statut de producteurs ind\u00e9pendants dans la culture et la vente de l\u00e9gumes biologiques.<br \/>\nAujourd\u2019hui, chaque mara\u00eecher g\u00e9re sa petite entreprise, son \u00e9quipe de saisonniers\u00a0 et son mat\u00e9riel agricole en toute ind\u00e9pendance et autonomie. La collaboration entre les mara\u00eechers est quotidiennement au rendez-vous ! Qui s\u2019en plaindra ?<\/p>\n","protected":false},"excerpt":{"rendered":"<p>D\u00e8s le d\u00e9part de sa reconversion, Hubert del Marmol a tenu a acceuillir dans sa ferme Bio,\u00a0 Gw\u00e9na\u00ebl\u00a0 du Bus puis L\u00e9a Corroy, de jeunes mara\u00eechers\u00a0 qui d\u00e9siraient se lancer aussi avec le statut de producteurs ind\u00e9pendants dans la culture &hellip; <a href=\"https:\/\/fermebiodupetitsart.be\/?page_id=176276736\">Continuer la lecture <span class=\"meta-nav\">&rarr;<\/span><\/a><\/p>\n","protected":false},"author":1,"featured_media":0,"parent":176276709,"menu_order":0,"comment_status":"closed","ping_status":"closed","template":"","meta":{"footnotes":""},"class_list":["post-176276736","page","type-page","status-publish","hentry"],"_links":{"self":[{"href":"https:\/\/fermebiodupetitsart.be\/index.php?rest_route=\/wp\/v2\/pages\/176276736","targetHints":{"allow":["GET"]}}],"collection":[{"href":"https:\/\/fermebiodupetitsart.be\/index.php?rest_route=\/wp\/v2\/pages"}],"about":[{"href":"https:\/\/fermebiodupetitsart.be\/index.php?rest_route=\/wp\/v2\/types\/page"}],"author":[{"embeddable":true,"href":"https:\/\/fermebiodupetitsart.be\/index.php?rest_route=\/wp\/v2\/users\/1"}],"replies":[{"embeddable":true,"href":"https:\/\/fermebiodupetitsart.be\/index.php?rest_route=%2Fwp%2Fv2%2Fcomments&post=176276736"}],"version-history":[{"count":7,"href":"https:\/\/fermebiodupetitsart.be\/index.php?rest_route=\/wp\/v2\/pages\/176276736\/revisions"}],"predecessor-version":[{"id":176277199,"href":"https:\/\/fermebiodupetitsart.be\/index.php?rest_route=\/wp\/v2\/pages\/176276736\/revisions\/176277199"}],"up":[{"embeddable":true,"href":"https:\/\/fermebiodupetitsart.be\/index.php?rest_route=\/wp\/v2\/pages\/176276709"}],"wp:attachment":[{"href":"https:\/\/fermebiodupetitsart.be\/index.php?rest_route=%2Fwp%2Fv2%2Fmedia&parent=176276736"}],"curies":[{"name":"wp","href":"https:\/\/api.w.org\/{rel}","templated":true}]}}