{"id":176276706,"date":"2013-05-06T20:49:44","date_gmt":"2013-05-06T18:49:44","guid":{"rendered":"http:\/\/fermebiodupetitsart.wordpress.com\/?page_id=176276706"},"modified":"2024-04-08T17:52:40","modified_gmt":"2024-04-08T15:52:40","slug":"qui-sommes-nous","status":"publish","type":"page","link":"https:\/\/fermebiodupetitsart.be\/","title":{"rendered":"Derni\u00e8res nouvelles:"},"content":{"rendered":"\n<p class=\"has-medium-font-size\"><strong>G\u00e9n\u00e9rations.bio initient les\u00a0\u00a0professeurs puis leurs \u00e9tudiants\u00a0\u00e0 d\u00e9couvrir les atouts et b\u00e9n\u00e9fices d&rsquo;un sol vivant et go\u00fbteu<\/strong>x.<\/p>\n\n\n\n<p><em><strong>\u201cSortons de nos classes et privil\u00e9gions une p\u00e9dagogie pour tous en alternance. Trop de professionnels de la formation, d\u2019\u00e9tudiants, d\u2019enfants et leurs familles vivent litt\u00e9ralement \u201chors sol\u201d, totalement d\u00e9connect\u00e9s de la nature, peu conscients de l\u2019enjeu de sauvegarder la fertilit\u00e9 de notre terre nourrici\u00e8re, de contrer le d\u00e9r\u00e8glement climatique, la perte hallucinante de notre diversit\u00e9.\u201d<\/strong><\/em><\/p>\n\n\n\n<p>En octobre 2023, G\u00e9n\u00e9rations.bio a cl\u00f4tur\u00e9, \u00e0 la Ferme Bio du Petit Sart, sa formation pilote en permaculture \u00e0 destination des enseignants de tous les r\u00e9seaux, de la Bio\u2019Vall\u00e9e du Pi\u00e9trebais et ses alentours.<\/p>\n\n\n\n<p>La premi\u00e8re phase de ce projet, soutenu par la fondation QiGreen et par l\u2019asbl RIAL, a rassembl\u00e9 pendant 5 jours r\u00e9partis sur trois saisons, 13 participants aux profils tr\u00e8s vari\u00e9s (enseignants maternelles, primaires, secondaire, sup\u00e9rieur, \u00e9tudiants universitaires Agro , parents d\u2019association de parents, m\u00e9decin\u2026)&nbsp;<\/p>\n\n\n\n<p>L&rsquo;objectif de la formation est clair: encourager la cr\u00e9ation de potagers p\u00e9dagogiques dans les \u00e9coles pour favoriser une alimentation plus autonome, plus saine et plus locale, tout en sensibilisant les enfants et leurs familles aux principes de la permaculture.<\/p>\n\n\n\n<p><strong>In fine:&nbsp;<\/strong><strong>Amener l\u2019enfant \u00e0 la Terre &amp; la terre \u00e0 l\u2019Enfant<\/strong><\/p>\n\n\n\n<p>A travers les th\u00e8mes comme, le sol vivant, le potager permaculturel, le compost, les semences ou encore les plantes sauvages, les participants ont \u00e9t\u00e9 immerg\u00e9s dans les principes fondamentaux de la permaculture gr\u00e2ce aux interventions d&rsquo;experts passionn\u00e9s, notamment: Marin Hock, Vincent Gobbe, Sandrine Wauters, Nicod\u00e8me de Wilde, Daniel Collart et Hubert del Marmol qui ont partag\u00e9 et transmis leurs pr\u00e9cieuses connaissances et pratiques culturales.<\/p>\n\n\n\n<figure class=\"wp-block-image\"><img decoding=\"async\" src=\"https:\/\/lh7-us.googleusercontent.com\/Lqix0vVXm5ET42icNvRNmCFvqkVGV038BVGvzIl6Y2GSCqIUlcWqWBij0vzrYMkJtkKTl3CYnfqrFlRK0c9rtDCfYZ48Plk4Paxiu2RauZ35_pBUwQl1HEpnSGb5V_ykCiBx7pwqbprBxWBhKoGcnrs\" alt=\"\"\/><\/figure>\n\n\n\n<p>Tout au long de la formation, les stagiaires ont \u00e9galement eu l\u2019opportunit\u00e9 d\u2019acc\u00e9der \u00e0 de nombreux supports p\u00e9dagogiques d\u00e9velopp\u00e9s et acquis au fil des ann\u00e9es par la fondation G\u00e9n\u00e9rations.bio: les quelques 400 ouvrages qui composent&nbsp;<em>la Bio\u2019Th\u00e8que<\/em>&nbsp;ainsi que de nouveaux outils p\u00e9dagogiques \u201cLivingstem\u201d d\u00e9velopp\u00e9s dans le cadre du programme europ\u00e9en Erasmus+ dont l\u2019ambition est d\u2019aider les \u00e9tudiants \u00e0 acqu\u00e9rir une compr\u00e9hension significative des probl\u00e8mes environnementaux actuels.&nbsp;&nbsp;<\/p>\n\n\n\n<p>Fort du succ\u00e8s de cette premi\u00e8re \u00e9tape, G\u00e9n\u00e9rations.bio est entr\u00e9e en 2023-2024 dans la deuxi\u00e8me phase du projet. Actuellement, La fondation se concentre sur l\u2019accompagnement de la mise en \u0153uvre concr\u00e8te des potagers p\u00e9dagogiques dans les \u00e9coles de la r\u00e9gion avec l\u2019objectif d\u2019alimenter les cantines scolaires.<\/p>\n\n\n\n<p>D\u00e9j\u00e0, des projets fleurissent dans les \u00e9coles locales ! \u00c0 l&rsquo;\u00e9cole Saint-Joseph-aux-Champs de Grez-Doiceau, une for\u00eat Miyawaki prend forme sous l&rsquo;\u00e9gide de l&rsquo;association des parents, tandis qu&rsquo;\u00e0 l&rsquo;\u00e9cole Schola Nova \u00e0 Incourt, un atelier potager hebdomadaire \u00e9veille la curiosit\u00e9 des \u00e9l\u00e8ves.<\/p>\n\n\n\n<p>Notre volont\u00e9 d\u2019implantation de potagers scolaires s\u2019inscrit dans le prolongement du programme europ\u00e9en Livingstem, imagin\u00e9 et coordonn\u00e9 par la fondation G\u00e9n\u00e9rations.bio. Pour ce faire, la fondation a r\u00e9uni, malgr\u00e9 les deux ans impact\u00e9s par le Covid, des formateurs p\u00e9dagogiques et en permaculture en provenance d\u2019Espagne, du Danemark, de la Pologne, d\u2019Italie, de Chypre et de Belgique. En vue d\u2019\u00e9tablir 60 nouveaux outils p\u00e9dagogiques (<a href=\"http:\/\/www.livingstem.eu\/\" target=\"_blank\" rel=\"noreferrer noopener\">www.LivingSTEM.eu<\/a>) \u00e0 utiliser&nbsp; pour prolonger et approfondir les exp\u00e9riences acquises par les \u00e9l\u00e8ves au c\u0153ur de la terre vivante et de la nature dans leurs cours de Sciences, Technologies, Ing\u00e9nierie et aux Math\u00e9matiques et bien d\u2019autres mati\u00e8res. (G\u00e9ographie, Histoire, Litt\u00e9rature, Religion, Morale, Philosophie\u2026)<\/p>\n\n\n\n<p>En offrant aux enseignants les outils n\u00e9cessaires pour int\u00e9grer les pratiques de la permaculture dans leurs cours, cette approche ouvre la voie \u00e0 une \u00e9ducation plus holistique et plus durable.<\/p>\n\n\n\n<p><em>En offrant aux enseignants et par ricochet \u00e0 nos enfants (et \u00e0 leurs familles) l\u2019opportunit\u00e9 d\u2019entrer en relations via la production potag\u00e8re bio\u2019logique et d\u2019approcher les valeurs permacoles, gageons que leur prise de conscience se transformera en \u00e9vidence. Ils trouveront toutes les voies du bon sens si naturelles et des cl\u00e9s pour une autonomie alimentaire et une alimentation saine. Ils consid\u00e9reront nos n\u00e9o-mara\u00eechers, paysans et agro biologistes comme des \u00e9claireurs, les nourriciers du nouveau monde.<\/em><\/p>\n\n\n\n<figure class=\"wp-block-image\"><img decoding=\"async\" src=\"https:\/\/lh7-us.googleusercontent.com\/O00lSWYoFhCg5n7-ONuYYlZyY8e6eLofgtHQXuVCgiA9UjNKYXd4_9izbyy7ZpPr9cSd6SNsYHNZobC6eoC1eVTm9jkW4dMoF-R0Q6I565pi_digsc8q-RjvJ4OEmN7TfOjCjqlmoQmT4ni1B9q0WRI\" alt=\"\"\/><\/figure>\n\n\n\n<figure class=\"wp-block-image\"><img decoding=\"async\" src=\"https:\/\/lh7-us.googleusercontent.com\/yvTHKPBa41Mu4hAhv-euf9egD1QCkWiAGB0ymX7YYDalDLKw68RzwCa5PAjREppyFH09LTG3agJoK7vKp2vwXGQSFliMohkUtvvtwcCxG8aMWNAmqR_RqrDoewrZdDHO-UBEubUWbf4GGq2yG0pSVos\" alt=\"\"\/><\/figure>\n\n\n\n<p><strong>Article<\/strong>&nbsp;paru dans L\u2019Avenir B.W.&nbsp;&nbsp;<\/p>\n\n\n\n<p><strong>Photo<\/strong>&nbsp;: A Grez-Doiceau, Daniel Collart, notre formateur permaculteur, guide les \u00e9coli\u00e8res greziennes&nbsp;dans leurs plantations.<\/p>\n\n\n\n<figure class=\"wp-block-image\"><img decoding=\"async\" src=\"https:\/\/lh7-us.googleusercontent.com\/XtZAmiFKqtbJVZBR96ruNPteLsrtYvnCHv7kERpAzR45jPa6JMVOFDG7RcFShgVHWcYfLW2BN5XSzCLr09BG_4iFFWhQkBcAtuffTtZy88_m6x-dpr2WVEXp9CsSTwoWUlt3iLtN55bjFpAJjgLLZH8\" alt=\"\"\/><\/figure>\n\n\n\n<p>A Incourt, Nicod\u00e8me de Wilde vous pr\u00e9sente son \u00e9quipe ! Notre jeune formateur en permaculture anime un atelier potager tous les vendredis \u00e0 l<strong>\u2019E<\/strong><strong>cole Schola Nova<\/strong>. Il \u00e9veille la curiosit\u00e9 des \u00e9l\u00e8ves \u00e0 la production de fruits et l\u00e9gumes bio et \u00e0 la biodiversit\u00e9. Une mare a aussi \u00e9t\u00e9 creus\u00e9e dans l&rsquo;environnement de l&rsquo;\u00e9cole. Les grenouilles s&rsquo;approprient-elles d\u00e9j\u00e0 le plan d&rsquo;eau avec l&rsquo;arriv\u00e9e du printemps ?<\/p>\n\n\n\n<h2 class=\"wp-block-heading\"><strong>L&rsquo;Europe ajuste sa vision du bio \u00e0 la guerre<\/strong>&nbsp; (\u00ab\u00a0L&rsquo;Avenir\u00a0\u00bb du 13\/04)<strong>&nbsp;<\/strong>et s&rsquo;invite \u00e0 notre ferme-pilote<strong>&nbsp;!<\/strong><\/h2>\n\n\n<div style=\"padding:75% 0 0 0;position:relative;\"><iframe src=\"https:\/\/player.vimeo.com\/video\/699567313?h=bee1aa8dc1&amp;badge=0&amp;autopause=0&amp;player_id=0&amp;app_id=58479\" frameborder=\"0\" allow=\"autoplay; fullscreen; picture-in-picture\" allowfullscreen=\"\" style=\"position:absolute;top:0;left:0;width:100%;height:100%;\" title=\"L&amp;#039;avenir du bio suite &amp;agrave; la guerre en Ukraine\"><\/iframe><\/div>\n<p><script src=\"https:\/\/player.vimeo.com\/api\/player.js\"><\/script><ul class=\"display-posts-listing\"><li class=\"listing-item\"><a class=\"title\" href=\"https:\/\/fermebiodupetitsart.be\/?p=176277740\">Un nouveau team building de la DG agriculture  de la Commission Europ\u00e9enne dans notre ferme<\/a> <span class=\"excerpt-dash\">-<\/span> <span class=\"excerpt\">&nbsp; Alors qu&rsquo;en Wallonie chaque semaine 13 fermes arr\u00eatent leurs activit\u00e9s, la Commission Europ\u00e9enne s&rsquo;int\u00e9resse aux agriculteurs qui incarnent le renouveau de l&rsquo;agriculture paysanne et familiale. Soixante fonctionnaires europ\u00e9ens de la Direction G\u00e9n\u00e9rale Agriculture se sont invit\u00e9s en team building &hellip; <a href=\"https:\/\/fermebiodupetitsart.be\/?p=176277740\">Continuer la lecture <span class=\"meta-nav\">&rarr;<\/span><\/a><\/span><\/li><li class=\"listing-item\"><a class=\"title\" href=\"https:\/\/fermebiodupetitsart.be\/?p=176277689\">visite de la commission europ\u00e9enne \u00e0 la ferme (4 octobre 2016)<\/a> <span class=\"excerpt-dash\">-<\/span> <span class=\"excerpt\">L&rsquo;Europe s&rsquo;est invit\u00e9e en Team-Building \u00e0 la ferme bio de Grez-Doiceau&#8230; Les micro-fermes Bio et en transition, une piste durable pour l&rsquo;agriculture europ\u00e9enne\u00a0? Mardi 4 octobre,\u00a09H00, Cuisine de la Ferme Bio du Petit Sart\u00a0: Caf\u00e9, Biscuits, Th\u00e9 et jus de &hellip; <a href=\"https:\/\/fermebiodupetitsart.be\/?p=176277689\">Continuer la lecture <span class=\"meta-nav\">&rarr;<\/span><\/a><\/span><\/li><li class=\"listing-item\"><a class=\"title\" href=\"https:\/\/fermebiodupetitsart.be\/?p=176277653\">Lettre ouverte aux Ministres Wallons &#8211; Comit\u00e9 de soutien de 22 associations aux \u00ab\u00a0Sans terre\u00a0\u00bb  pour le d\u00e9veloppement de Micro-fermes bio en Brabant-Wallon<\/a> <span class=\"excerpt-dash\">-<\/span> <span class=\"excerpt\">Comit\u00e9 de soutien de 22 associations aux \u00ab\u00a0Sans terre\u00a0\u00bb pour le d\u00e9veloppement de Micro-fermes bio en Brabant-Wallon Ce 26.05.2016 U R G E NT MM. Magnette, Collin, Furlan &#038; Di Antonio en charge respectivement de la Pr\u00e9sidence du Gouvernement de &hellip; <a href=\"https:\/\/fermebiodupetitsart.be\/?p=176277653\">Continuer la lecture <span class=\"meta-nav\">&rarr;<\/span><\/a><\/span><\/li><li class=\"listing-item\"><a class=\"title\" href=\"https:\/\/fermebiodupetitsart.be\/?p=176277644\">Lancement \u00e0  N\u00e9then de \u00ab\u00a0La Petite \u00e9picerie\u00a0\u00bb<\/a> <span class=\"excerpt-dash\">-<\/span> <span class=\"excerpt\">Originale, cette \u00e9picerie collaborative, sera : &#8211; Un magasin accessible \u00e0 tous. On y trouvera des produits alimentaires locaux (bio ou non) : fruits, l\u00e9gumes, pains artisanaux, miels, farine, oeufs, lait, aliments secs, et aussi th\u00e9s, caf\u00e9s, &#8230; et des &hellip; <a href=\"https:\/\/fermebiodupetitsart.be\/?p=176277644\">Continuer la lecture <span class=\"meta-nav\">&rarr;<\/span><\/a><\/span><\/li><\/ul><\/p>\n\n\n\n<h2 class=\"wp-block-heading\">la ferme pr\u00e9sent\u00e9e dans un article d&rsquo;alter-\u00e9chos:<\/h2>\n\n\n\n<p><a href=\"http:\/\/fermebiodupetitsart.be\/wp-content\/uploads\/2018\/10\/focales467.pdf\">la ferme qui veut semer l&rsquo;agriculture de demain<\/a><\/p>\n\n\n\n<h2 class=\"wp-block-heading\">la ferme en images:<\/h2>\n\n\n\n<p>reportage de tvcom: \u00ab\u00a0la fondation G\u00e9n\u00e9rations.bio \u00e0 la Ferme du Petit Sart, laur\u00e9ate du Prix du D\u00e9veloppement Durable\u00a0\u00bb<br><\/p>\n\n\n\n<p>Visite de la DG Agriculture de la Commission Europ\u00e9enne dans notre ferme<br><iframe loading=\"lazy\" src=\"https:\/\/www.youtube.com\/embed\/UAaGLG0Yevo\" width=\"560\" height=\"315\" frameborder=\"0\" allowfullscreen=\"allowfullscreen\"><\/iframe><\/p>\n\n\n\n<p>Le Jardin Vivant d&rsquo;Annick Noiset sur une parcelle de la Ferme Bio du Petit Sart<iframe loading=\"lazy\" src=\"https:\/\/www.youtube.com\/embed\/4E6tr5ZpG_s?rel=0\" width=\"560\" height=\"315\" frameborder=\"0\" allowfullscreen=\"allowfullscreen\"><\/iframe><\/p>\n\n\n\n<p>Hubert f\u00eatait ses 5 ans d&rsquo;agriculture biologique et l&rsquo;occasion de baptiser 2 vaches limousines. Festivit\u00e9s rehauss\u00e9es de l&rsquo;aimable pr\u00e9sence de la princesse Claire<br><iframe loading=\"lazy\" src=\"https:\/\/www.youtube.com\/embed\/DWkVlKcm4FI\" width=\"560\" height=\"315\" frameborder=\"0\" allowfullscreen=\"allowfullscreen\"><\/iframe><\/p>\n\n\n\n<h2 class=\"wp-block-heading\">derni\u00e8res nouvelles:<\/h2>\n\n\n\n<p><\/p>\n","protected":false},"excerpt":{"rendered":"<p>G\u00e9n\u00e9rations.bio initient les\u00a0\u00a0professeurs puis leurs \u00e9tudiants\u00a0\u00e0 d\u00e9couvrir les atouts et b\u00e9n\u00e9fices d&rsquo;un sol vivant et go\u00fbteux. \u201cSortons de nos classes et privil\u00e9gions une p\u00e9dagogie pour tous en alternance. Trop de professionnels de la formation, d\u2019\u00e9tudiants, d\u2019enfants et leurs familles vivent &hellip; <a href=\"https:\/\/fermebiodupetitsart.be\/?p=176277644\">Continuer la lecture <span class=\"meta-nav\">&rarr;<\/span><\/a><\/p>\n","protected":false},"author":1,"featured_media":0,"parent":0,"menu_order":0,"comment_status":"closed","ping_status":"closed","template":"","meta":{"footnotes":""},"class_list":["post-176276706","page","type-page","status-publish","hentry"],"_links":{"self":[{"href":"https:\/\/fermebiodupetitsart.be\/index.php?rest_route=\/wp\/v2\/pages\/176276706","targetHints":{"allow":["GET"]}}],"collection":[{"href":"https:\/\/fermebiodupetitsart.be\/index.php?rest_route=\/wp\/v2\/pages"}],"about":[{"href":"https:\/\/fermebiodupetitsart.be\/index.php?rest_route=\/wp\/v2\/types\/page"}],"author":[{"embeddable":true,"href":"https:\/\/fermebiodupetitsart.be\/index.php?rest_route=\/wp\/v2\/users\/1"}],"replies":[{"embeddable":true,"href":"https:\/\/fermebiodupetitsart.be\/index.php?rest_route=%2Fwp%2Fv2%2Fcomments&post=176276706"}],"version-history":[{"count":61,"href":"https:\/\/fermebiodupetitsart.be\/index.php?rest_route=\/wp\/v2\/pages\/176276706\/revisions"}],"predecessor-version":[{"id":176277948,"href":"https:\/\/fermebiodupetitsart.be\/index.php?rest_route=\/wp\/v2\/pages\/176276706\/revisions\/176277948"}],"wp:attachment":[{"href":"https:\/\/fermebiodupetitsart.be\/index.php?rest_route=%2Fwp%2Fv2%2Fmedia&parent=176276706"}],"curies":[{"name":"wp","href":"https:\/\/api.w.org\/{rel}","templated":true}]}}